{"id":43,"date":"2016-03-20T17:01:07","date_gmt":"2016-03-20T16:01:07","guid":{"rendered":"http:\/\/www.wirinwissersheim.de\/Schuetzen\/?page_id=43"},"modified":"2016-03-20T20:10:05","modified_gmt":"2016-03-20T19:10:05","slug":"termine","status":"publish","type":"page","link":"http:\/\/www.wirinwissersheim.de\/Schuetzen\/termine\/","title":{"rendered":"Termine"},"content":{"rendered":"\n<table id=\"tablepress-1\" class=\"tablepress tablepress-id-1\">\n<thead>\n<tr class=\"row-1\">\n\t<th class=\"column-1\">Datum<\/th><th class=\"column-2\">Uhrzeit<\/th><th class=\"column-3\">Veranstaltung<\/th><th class=\"column-4\">Ort<\/th>\n<\/tr>\n<\/thead>\n<tbody class=\"row-striping row-hover\">\n<tr class=\"row-2\">\n\t<td class=\"column-1\">28.03.2026<\/td><td class=\"column-2\">14:00 Uhr<\/td><td class=\"column-3\">Dorfputzaktion<\/td><td class=\"column-4\">Sch\u00fctzenheim<\/td>\n<\/tr>\n<tr class=\"row-3\">\n\t<td class=\"column-1\">04.04.2026<\/td><td class=\"column-2\">15:00 Uhr<\/td><td class=\"column-3\">Ostereierschie\u00dfen<\/td><td class=\"column-4\">Sch\u00fctzenheim<\/td>\n<\/tr>\n<tr class=\"row-4\">\n\t<td class=\"column-1\">18.04.2026<\/td><td class=\"column-2\"><\/td><td class=\"column-3\">Dorfputzaktion<\/td><td class=\"column-4\">Sch\u00fctzenheim<\/td>\n<\/tr>\n<tr class=\"row-5\">\n\t<td class=\"column-1\">09.05.2026<\/td><td class=\"column-2\"><\/td><td class=\"column-3\">Dorfputzaktion<\/td><td class=\"column-4\">Sch\u00fctzenheim<\/td>\n<\/tr>\n<tr class=\"row-6\">\n\t<td class=\"column-1\">14.05.2026<\/td><td class=\"column-2\">07:00 Uhr<\/td><td class=\"column-3\">Gymnicher Ritt<\/td><td class=\"column-4\">Buir-Bliesheimer, Gymnich<\/td>\n<\/tr>\n<tr class=\"row-7\">\n\t<td class=\"column-1\">23.05.2026<\/td><td class=\"column-2\">20:00 Uhr<\/td><td class=\"column-3\">K\u00f6nigsball, Sch\u00fctzenfest<\/td><td class=\"column-4\">Sch\u00fctzenheim<\/td>\n<\/tr>\n<tr class=\"row-8\">\n\t<td class=\"column-1\">24.05.2026<\/td><td class=\"column-2\">09:00 Uhr<\/td><td class=\"column-3\">Kirchgang, Sch\u00fctzenfest<\/td><td class=\"column-4\">St. Martinus Wissersheim<\/td>\n<\/tr>\n<tr class=\"row-9\">\n\t<td class=\"column-1\">24.05.2026<\/td><td class=\"column-2\">10:30 Uhr<\/td><td class=\"column-3\">Dorffr\u00fchst\u00fcck, Sch\u00fctzenfest<\/td><td class=\"column-4\">Sch\u00fctzenheim<\/td>\n<\/tr>\n<tr class=\"row-10\">\n\t<td class=\"column-1\">24.05.2026<\/td><td class=\"column-2\">13:30 Uhr<\/td><td class=\"column-3\">Empfang Gastvereine, Sch\u00fctzenfest<\/td><td class=\"column-4\">Sch\u00fctzenheim<\/td>\n<\/tr>\n<tr class=\"row-11\">\n\t<td class=\"column-1\">24.05.2026<\/td><td class=\"column-2\">14:30 Uhr<\/td><td class=\"column-3\">Sch\u00fctzenfestzug<\/td><td class=\"column-4\">Sch\u00fctzenheim<\/td>\n<\/tr>\n<tr class=\"row-12\">\n\t<td class=\"column-1\">25.05.2026<\/td><td class=\"column-2\">11:00 Uhr<\/td><td class=\"column-3\">Fr\u00fchschoppen, Sch\u00fctzenfest<\/td><td class=\"column-4\">Sch\u00fctzenheim<\/td>\n<\/tr>\n<tr class=\"row-13\">\n\t<td class=\"column-1\">25.05.2026<\/td><td class=\"column-2\">14:00 Uhr<\/td><td class=\"column-3\">Majest\u00e4tenschie\u00dfen, Sch\u00fctzenheim<\/td><td class=\"column-4\">Sch\u00fctzenheim<\/td>\n<\/tr>\n<tr class=\"row-14\">\n\t<td class=\"column-1\">25.05.2026<\/td><td class=\"column-2\">18:00 Uhr<\/td><td class=\"column-3\">Kr\u00f6nung, Sch\u00fctzenheim<\/td><td class=\"column-4\">Sch\u00fctzenheim<\/td>\n<\/tr>\n<tr class=\"row-15\">\n\t<td class=\"column-1\">31.05.2026<\/td><td class=\"column-2\">14:00 Uhr<\/td><td class=\"column-3\">Bruderschatsfest Seb. Gymnich<\/td><td class=\"column-4\">Bruderschaft, Br\u00fcggener Stra\u00dfe, Gymnich<\/td>\n<\/tr>\n<tr class=\"row-16\">\n\t<td class=\"column-1\">06.06.2026<\/td><td class=\"column-2\"><\/td><td class=\"column-3\">Festkommers und Standarten\u00fcbergabe Dorweiler<\/td><td class=\"column-4\">Zum Sch\u00fctzenhaus, Dorweiler <\/td>\n<\/tr>\n<tr class=\"row-17\">\n\t<td class=\"column-1\">21.06.2026<\/td><td class=\"column-2\">14:00 Uhr<\/td><td class=\"column-3\">Sch\u00fctzenfest Seb. Balkhausen-T\u00fcrnich<\/td><td class=\"column-4\">Ursfelder Str., T\u00fcrnich<\/td>\n<\/tr>\n<tr class=\"row-18\">\n\t<td class=\"column-1\">28.06.2026<\/td><td class=\"column-2\">14:00 Uhr<\/td><td class=\"column-3\">Sch\u00fctzenfest Hub. Kierdorf<\/td><td class=\"column-4\">In den Barbenden, Kierdorf<\/td>\n<\/tr>\n<tr class=\"row-19\">\n\t<td class=\"column-1\">05.07.2026<\/td><td class=\"column-2\">14:00 Uhr<\/td><td class=\"column-3\">Sch\u00fctzenfest Kun. Gymnich<\/td><td class=\"column-4\">Gesellschaft, Sch\u00fctzenstra\u00dfe, Gymnich<\/td>\n<\/tr>\n<tr class=\"row-20\">\n\t<td class=\"column-1\">10.07.2026<\/td><td class=\"column-2\"><\/td><td class=\"column-3\">Bezirksk\u00f6nigspokalschie\u00dfen<\/td><td class=\"column-4\">Zum Sch\u00fctzenhaus, Dorweiler<\/td>\n<\/tr>\n<tr class=\"row-21\">\n\t<td class=\"column-1\">11.07.2026<\/td><td class=\"column-2\">18:00 Uhr<\/td><td class=\"column-3\">Thekendienst Kr\u00f6nungsball Kun. Gymnich<\/td><td class=\"column-4\">Gesellschaft, Sch\u00fctzenstra\u00dfe, Gymnich<\/td>\n<\/tr>\n<tr class=\"row-22\">\n\t<td class=\"column-1\">12.07.2026<\/td><td class=\"column-2\">14:00 Uhr<\/td><td class=\"column-3\">Bezirkssch\u00fctzenfest Dorweiler<\/td><td class=\"column-4\">Zum Sch\u00fctzenhaus, Dorweiler<\/td>\n<\/tr>\n<tr class=\"row-23\">\n\t<td class=\"column-1\">05.09.2026<\/td><td class=\"column-2\">18:00 Uhr<\/td><td class=\"column-3\">Sch\u00fctzenfestball Hub. Rath<\/td><td class=\"column-4\">Nikolausstra\u00dfe, Rath<\/td>\n<\/tr>\n<tr class=\"row-24\">\n\t<td class=\"column-1\">06.09.2026<\/td><td class=\"column-2\">14:00 Uhr<\/td><td class=\"column-3\">Sch\u00fctzenfest Hub. Rath<\/td><td class=\"column-4\">Nikolausstra\u00dfe, Rath<\/td>\n<\/tr>\n<tr class=\"row-25\">\n\t<td class=\"column-1\">11.09.2026<\/td><td class=\"column-2\">18:00 Uhr<\/td><td class=\"column-3\">Aktivenversammlung<\/td><td class=\"column-4\">Sch\u00fctzenheim<\/td>\n<\/tr>\n<tr class=\"row-26\">\n\t<td class=\"column-1\">13.09.2026<\/td><td class=\"column-2\"><\/td><td class=\"column-3\">Bundessch\u00fctzenfest in Damme<\/td><td class=\"column-4\"><\/td>\n<\/tr>\n<tr class=\"row-27\">\n\t<td class=\"column-1\">10.10.2026<\/td><td class=\"column-2\"><\/td><td class=\"column-3\">Kreisk\u00f6nigsschie\u00dfen in Morschenich<\/td><td class=\"column-4\"><\/td>\n<\/tr>\n<tr class=\"row-28\">\n\t<td class=\"column-1\">16.10.2026<\/td><td class=\"column-2\">18:00 Uhr<\/td><td class=\"column-3\">Heinz-Willi-Vieth-Ged\u00e4chtnispokalschie\u00dfen<\/td><td class=\"column-4\">Sch\u00fctzenheim<\/td>\n<\/tr>\n<tr class=\"row-29\">\n\t<td class=\"column-1\">05.11.2026<\/td><td class=\"column-2\">18:00 Uhr<\/td><td class=\"column-3\">Martinszug<\/td><td class=\"column-4\">Sch\u00fctzenheim<\/td>\n<\/tr>\n<tr class=\"row-30\">\n\t<td class=\"column-1\">14.11.2026<\/td><td class=\"column-2\">18:00 Uhr<\/td><td class=\"column-3\">Kranzniederlegung, Volkstrauertag<\/td><td class=\"column-4\">St. Martinus Wissersheim<\/td>\n<\/tr>\n<tr class=\"row-31\">\n\t<td class=\"column-1\">22.11.2026<\/td><td class=\"column-2\">09:00 Uhr<\/td><td class=\"column-3\">Christ-K\u00f6nigs-Fest mit Vereinspokalschie\u00dfen<\/td><td class=\"column-4\">Sch\u00fctzenheim<\/td>\n<\/tr>\n<tr class=\"row-32\">\n\t<td class=\"column-1\">28.11.2026<\/td><td class=\"column-2\">15:00 Uhr<\/td><td class=\"column-3\">Weihnachtsdorf<\/td><td class=\"column-4\">Kirchenvorplatz, Oberstra\u00dfe<\/td>\n<\/tr>\n<tr class=\"row-33\">\n\t<td class=\"column-1\">05.12.2026<\/td><td class=\"column-2\"><\/td><td class=\"column-3\">Nikolausfeier oder Weihnachtsfeier Jungsch\u00fctzen<\/td><td class=\"column-4\">Sch\u00fctzenheim<\/td>\n<\/tr>\n<tr class=\"row-34\">\n\t<td class=\"column-1\">19.12.2026<\/td><td class=\"column-2\"><\/td><td class=\"column-3\">Weihnachtlicher Nachmittag<\/td><td class=\"column-4\">Sch\u00fctzenheim<\/td>\n<\/tr>\n<tr class=\"row-35\">\n\t<td class=\"column-1\">15.01.2027<\/td><td class=\"column-2\">19:30 Uhr<\/td><td class=\"column-3\">Jahreshauptversammlung<\/td><td class=\"column-4\">Sch\u00fctzenheim<\/td>\n<\/tr>\n<tr class=\"row-36\">\n\t<td class=\"column-1\">23.01.2027<\/td><td class=\"column-2\">20:00 Uhr<\/td><td class=\"column-3\">Patronatsfest<\/td><td class=\"column-4\">Sch\u00fctzenheim<\/td>\n<\/tr>\n<\/tbody>\n<\/table>\n<!-- #tablepress-1 from cache -->\n","protected":false},"excerpt":{"rendered":"","protected":false},"author":1,"featured_media":0,"parent":0,"menu_order":0,"comment_status":"closed","ping_status":"closed","template":"","meta":{"footnotes":""},"class_list":["post-43","page","type-page","status-publish","hentry"],"_links":{"self":[{"href":"http:\/\/www.wirinwissersheim.de\/Schuetzen\/wp-json\/wp\/v2\/pages\/43","targetHints":{"allow":["GET"]}}],"collection":[{"href":"http:\/\/www.wirinwissersheim.de\/Schuetzen\/wp-json\/wp\/v2\/pages"}],"about":[{"href":"http:\/\/www.wirinwissersheim.de\/Schuetzen\/wp-json\/wp\/v2\/types\/page"}],"author":[{"embeddable":true,"href":"http:\/\/www.wirinwissersheim.de\/Schuetzen\/wp-json\/wp\/v2\/users\/1"}],"replies":[{"embeddable":true,"href":"http:\/\/www.wirinwissersheim.de\/Schuetzen\/wp-json\/wp\/v2\/comments?post=43"}],"version-history":[{"count":4,"href":"http:\/\/www.wirinwissersheim.de\/Schuetzen\/wp-json\/wp\/v2\/pages\/43\/revisions"}],"predecessor-version":[{"id":69,"href":"http:\/\/www.wirinwissersheim.de\/Schuetzen\/wp-json\/wp\/v2\/pages\/43\/revisions\/69"}],"wp:attachment":[{"href":"http:\/\/www.wirinwissersheim.de\/Schuetzen\/wp-json\/wp\/v2\/media?parent=43"}],"curies":[{"name":"wp","href":"https:\/\/api.w.org\/{rel}","templated":true}]}}